{"id":3386,"date":"2020-07-10T15:31:42","date_gmt":"2020-07-10T13:31:42","guid":{"rendered":"http:\/\/www.unpicdetimpliber.ro\/?page_id=3386"},"modified":"2020-07-10T15:49:33","modified_gmt":"2020-07-10T13:49:33","slug":"creasta-rodnei-si-suhardului","status":"publish","type":"page","link":"https:\/\/www.unpicdetimpliber.ro\/wordpress\/creasta-rodnei-si-suhardului","title":{"rendered":"Creasta Rodnei \u0219i Suhardului"},"content":{"rendered":"<div class=\"fcbkbttn_buttons_block\" id=\"fcbkbttn_left\"><div class=\"fcbkbttn_like \"><fb:like href=\"https:\/\/www.unpicdetimpliber.ro\/wordpress\/creasta-rodnei-si-suhardului\" action=\"like\" colorscheme=\"light\" layout=\"box_count\"  size=\"small\"><\/fb:like><\/div><div class=\"fb-share-button  \" data-href=\"https:\/\/www.unpicdetimpliber.ro\/wordpress\/creasta-rodnei-si-suhardului\" data-type=\"button_count\" data-size=\"small\"><\/div><\/div>\n<p>Sunt detalii despre traseul care va fi parcurs \u00een alergare \u00een dou\u0103 zile \u00eempreun\u0103 cu prietenii. Sunt trecute c\u00e2teva izvoare, ad\u0103posturi. \u00cen principiu se urmeaz\u0103 traseul de band\u0103 ro\u0219ie.<br><br><strong>Traseul \u00een ziua 1 va str\u0103bate mun\u021bii Rodnei <\/strong>de la Pasul \u0218etref (cazare la hanul \u021aentea) la cabana Croitor de l\u00e2ng\u0103 Pasul Rotunda. Conform Alltrails sunt 65,6km cu 4267m diferen\u021b\u0103 pozitiv\u0103 de nivel. Traseul se abate pe la Pietrosul Rodnei, Puzdra \u0219i Ineu. Unde e de urcat pe v\u00e2rful din apropiere, chiar dac\u0103 se abate u\u0219or de la traseul band\u0103 ro\u0219ie, se urc\u0103.<br><br><strong>Traseul \u00een ziua 2 str\u0103bate mun\u021bii Suhardului<\/strong>, continu\u00e2nd alergarea de la cabana Croitor pe band\u0103 ro\u0219ie \u0219i se \u00eencheie la campingul Runc din Vatra Dornei. Conform Alltrails sunt 48,5km cu 2087m diferen\u021b\u0103 pozitiv\u0103 de nivel. Traseul se abate pe la v\u00e2rful Omului \u0219i Ou\u0219orul.<\/p>\n\n\n\n<p><strong><a href=\"https:\/\/photos.app.goo.gl\/T6bVkL4siHBwbvTJ6\" target=\"_blank\" rel=\"noreferrer noopener\">Un link la screenshoturi <\/a><\/strong>din aplica\u021bia Locus de pe android.<\/p>\n\n\n\n<iframe loading=\"lazy\" class=\"alltrails\" src=\"https:\/\/www.alltrails.com\/widget\/recording\/creasta-rodnei-setref-cab-croitor-4ea06fb?u=m\" width=\"100%\" height=\"400\" frameborder=\"0\" scrolling=\"no\" marginheight=\"0\" marginwidth=\"0\" title=\"AllTrails: Trail Guides and Maps for Hiking, Camping, and Running\"><\/iframe>\n\n\n\n<iframe loading=\"lazy\" class=\"alltrails\" src=\"https:\/\/www.alltrails.com\/widget\/recording\/creasta-suhard-cab-croitor-camping-runc-e947088?u=m\" width=\"100%\" height=\"400\" frameborder=\"0\" scrolling=\"no\" marginheight=\"0\" marginwidth=\"0\" title=\"AllTrails: Trail Guides and Maps for Hiking, Camping, and Running\"><\/iframe>\n\n\n\n<p><\/p>\n","protected":false},"excerpt":{"rendered":"<p>Sunt detalii despre traseul care va fi parcurs \u00een alergare \u00een dou\u0103 zile \u00eempreun\u0103 cu prietenii. Sunt trecute c\u00e2teva izvoare, ad\u0103posturi. \u00cen principiu se urmeaz\u0103 traseul de band\u0103 ro\u0219ie. Traseul \u00een ziua 1 va str\u0103bate mun\u021bii Rodnei de la Pasul \u0218etref (cazare la hanul \u021aentea) la cabana Croitor de l\u00e2ng\u0103 Pasul Rotunda. Conform Alltrails sunt 65,6km cu 4267m diferen\u021b\u0103 pozitiv\u0103 de nivel. Traseul se abate pe la Pietrosul Rodnei, Puzdra \u0219i Ineu. Unde e de urcat pe v\u00e2rful din apropiere, chiar dac\u0103 se abate u\u0219or de la traseul band\u0103 ro\u0219ie, se urc\u0103. Traseul \u00een ziua 2 str\u0103bate mun\u021bii Suhardului, continu\u00e2nd alergarea de la cabana Croitor pe band\u0103 ro\u0219ie \u0219i se \u00eencheie la campingul Runc din Vatra Dornei. Conform Alltrails sunt 48,5km cu 2087m diferen\u021b\u0103 pozitiv\u0103 de nivel. Traseul se abate pe la v\u00e2rful Omului \u0219i Ou\u0219orul. Un link la screenshoturi din aplica\u021bia Locus de pe android.<\/p>\n","protected":false},"author":1,"featured_media":0,"parent":0,"menu_order":0,"comment_status":"closed","ping_status":"closed","template":"","meta":{"ngg_post_thumbnail":0,"footnotes":""},"class_list":["post-3386","page","type-page","status-publish","hentry"],"_links":{"self":[{"href":"https:\/\/www.unpicdetimpliber.ro\/wordpress\/wp-json\/wp\/v2\/pages\/3386","targetHints":{"allow":["GET"]}}],"collection":[{"href":"https:\/\/www.unpicdetimpliber.ro\/wordpress\/wp-json\/wp\/v2\/pages"}],"about":[{"href":"https:\/\/www.unpicdetimpliber.ro\/wordpress\/wp-json\/wp\/v2\/types\/page"}],"author":[{"embeddable":true,"href":"https:\/\/www.unpicdetimpliber.ro\/wordpress\/wp-json\/wp\/v2\/users\/1"}],"replies":[{"embeddable":true,"href":"https:\/\/www.unpicdetimpliber.ro\/wordpress\/wp-json\/wp\/v2\/comments?post=3386"}],"version-history":[{"count":3,"href":"https:\/\/www.unpicdetimpliber.ro\/wordpress\/wp-json\/wp\/v2\/pages\/3386\/revisions"}],"predecessor-version":[{"id":3390,"href":"https:\/\/www.unpicdetimpliber.ro\/wordpress\/wp-json\/wp\/v2\/pages\/3386\/revisions\/3390"}],"wp:attachment":[{"href":"https:\/\/www.unpicdetimpliber.ro\/wordpress\/wp-json\/wp\/v2\/media?parent=3386"}],"curies":[{"name":"wp","href":"https:\/\/api.w.org\/{rel}","templated":true}]}}